{"id":384,"date":"2025-03-23T13:21:20","date_gmt":"2025-03-23T13:21:20","guid":{"rendered":"https:\/\/kvarda.webdemo.cz\/?post_type=product&#038;p=384"},"modified":"2025-03-23T13:21:20","modified_gmt":"2025-03-23T13:21:20","slug":"veprove-koleno-predni-1-kg","status":"publish","type":"product","link":"https:\/\/kvarda.webdemo.cz\/index.php\/produkt\/veprove-koleno-predni-1-kg\/","title":{"rendered":"Vep\u0159ov\u00e9 koleno p\u0159edn\u00ed &#8211; 1 kg"},"content":{"rendered":"","protected":false},"excerpt":{"rendered":"","protected":false},"featured_media":146,"comment_status":"closed","ping_status":"closed","template":"","meta":{"_et_pb_use_builder":"","_et_pb_old_content":"","_et_gb_content_width":""},"product_cat":[37],"product_tag":[],"class_list":{"0":"post-384","1":"product","2":"type-product","3":"status-publish","4":"has-post-thumbnail","6":"product_cat-veprove","8":"first","9":"instock","10":"taxable","11":"shipping-taxable","12":"purchasable","13":"product-type-simple"},"_links":{"self":[{"href":"https:\/\/kvarda.webdemo.cz\/index.php\/wp-json\/wp\/v2\/product\/384","targetHints":{"allow":["GET"]}}],"collection":[{"href":"https:\/\/kvarda.webdemo.cz\/index.php\/wp-json\/wp\/v2\/product"}],"about":[{"href":"https:\/\/kvarda.webdemo.cz\/index.php\/wp-json\/wp\/v2\/types\/product"}],"replies":[{"embeddable":true,"href":"https:\/\/kvarda.webdemo.cz\/index.php\/wp-json\/wp\/v2\/comments?post=384"}],"wp:featuredmedia":[{"embeddable":true,"href":"https:\/\/kvarda.webdemo.cz\/index.php\/wp-json\/wp\/v2\/media\/146"}],"wp:attachment":[{"href":"https:\/\/kvarda.webdemo.cz\/index.php\/wp-json\/wp\/v2\/media?parent=384"}],"wp:term":[{"taxonomy":"product_cat","embeddable":true,"href":"https:\/\/kvarda.webdemo.cz\/index.php\/wp-json\/wp\/v2\/product_cat?post=384"},{"taxonomy":"product_tag","embeddable":true,"href":"https:\/\/kvarda.webdemo.cz\/index.php\/wp-json\/wp\/v2\/product_tag?post=384"}],"curies":[{"name":"wp","href":"https:\/\/api.w.org\/{rel}","templated":true}]}}