{"id":240,"date":"2024-11-29T14:39:17","date_gmt":"2024-11-29T14:39:17","guid":{"rendered":"https:\/\/kvarda.webdemo.cz\/?page_id=240"},"modified":"2024-11-29T15:15:02","modified_gmt":"2024-11-29T15:15:02","slug":"vyrobky","status":"publish","type":"page","link":"https:\/\/kvarda.webdemo.cz\/index.php\/vyrobky\/","title":{"rendered":"V\u00fdrobky"},"content":{"rendered":"<p>[et_pb_section fb_built=&#8220;1&#8243; _builder_version=&#8220;4.27.3&#8243; _module_preset=&#8220;default&#8220; background_color=&#8220;#f7ddc2&#8243; global_colors_info=&#8220;{}&#8220;][et_pb_row _builder_version=&#8220;4.27.3&#8243; _module_preset=&#8220;default&#8220; global_colors_info=&#8220;{}&#8220;][et_pb_column type=&#8220;4_4&#8243; _builder_version=&#8220;4.27.3&#8243; _module_preset=&#8220;default&#8220; global_colors_info=&#8220;{}&#8220;][et_pb_image src=&#8220;https:\/\/kvarda.webdemo.cz\/wp-content\/uploads\/2024\/11\/logo-reznictvi.png&#8220; title_text=&#8220;logo-reznictvi&#8220; align=&#8220;center&#8220; _builder_version=&#8220;4.27.3&#8243; _module_preset=&#8220;default&#8220; custom_margin=&#8220;-102px||-94px||false|false&#8220; custom_padding=&#8220;0px||0px||false|false&#8220; global_colors_info=&#8220;{}&#8220;][\/et_pb_image][\/et_pb_column][\/et_pb_row][\/et_pb_section][et_pb_section fb_built=&#8220;1&#8243; _builder_version=&#8220;4.27.3&#8243; _module_preset=&#8220;default&#8220; background_color=&#8220;#f7ddc2&#8243; global_colors_info=&#8220;{}&#8220;][et_pb_row column_structure=&#8220;1_2,1_2&#8243; use_custom_gutter=&#8220;on&#8220; gutter_width=&#8220;2&#8243; make_equal=&#8220;on&#8220; _builder_version=&#8220;4.27.3&#8243; _module_preset=&#8220;default&#8220; custom_margin=&#8220;0px||||false|false&#8220; custom_padding=&#8220;0px||0px||false|false&#8220; global_colors_info=&#8220;{}&#8220;][et_pb_column type=&#8220;1_2&#8243; _builder_version=&#8220;4.27.3&#8243; _module_preset=&#8220;default&#8220; use_background_color_gradient=&#8220;on&#8220; background_color_gradient_stops=&#8220;rgba(0,0,0,0.5) 0%|rgba(0,0,0,0.5) 100%&#8220; background_color_gradient_overlays_image=&#8220;on&#8220; background_image=&#8220;https:\/\/kvarda.webdemo.cz\/wp-content\/uploads\/2024\/11\/maso-Kvarda-scaled.jpg&#8220; custom_padding=&#8220;150px|20px|0px|20px|false|true&#8220; border_radii=&#8220;on|20px|20px|20px|20px&#8220; global_colors_info=&#8220;{}&#8220;][et_pb_heading title=&#8220;Maso&#8220; _builder_version=&#8220;4.27.3&#8243; _module_preset=&#8220;5e965123-d87e-4401-b4ec-40076d644b3d&#8220; title_level=&#8220;h2&#8243; title_text_align=&#8220;center&#8220; title_text_color=&#8220;#FFFFFF&#8220; title_font_size=&#8220;31px&#8220; custom_padding=&#8220;0px||108px||false|false&#8220; global_colors_info=&#8220;{}&#8220;][\/et_pb_heading][\/et_pb_column][et_pb_column type=&#8220;1_2&#8243; _builder_version=&#8220;4.27.3&#8243; _module_preset=&#8220;default&#8220; use_background_color_gradient=&#8220;on&#8220; background_color_gradient_stops=&#8220;rgba(0,0,0,0.5) 0%|rgba(0,0,0,0.5) 100%&#8220; background_color_gradient_overlays_image=&#8220;on&#8220; background_image=&#8220;https:\/\/kvarda.webdemo.cz\/wp-content\/uploads\/2024\/11\/deli-scaled.jpg&#8220; custom_padding=&#8220;150px|20px|0px|20px|false|true&#8220; border_radii=&#8220;on|20px|20px|20px|20px&#8220; global_colors_info=&#8220;{}&#8220;][et_pb_heading title=&#8220;Masn\u00e9 v\u00fdrobky&#8220; url=&#8220;@ET-DC@eyJkeW5hbWljIjp0cnVlLCJjb250ZW50IjoicG9zdF9saW5rX3VybF9wYWdlIiwic2V0dGluZ3MiOnsicG9zdF9pZCI6IjE1MCJ9fQ==@&#8220; _builder_version=&#8220;4.27.3&#8243; _dynamic_attributes=&#8220;url&#8220; _module_preset=&#8220;5e965123-d87e-4401-b4ec-40076d644b3d&#8220; title_level=&#8220;h2&#8243; title_text_align=&#8220;center&#8220; title_text_color=&#8220;#FFFFFF&#8220; title_font_size=&#8220;31px&#8220; locked=&#8220;off&#8220; global_colors_info=&#8220;{}&#8220; custom_padding=&#8220;0px||108px||false|false&#8220;][\/et_pb_heading][\/et_pb_column][\/et_pb_row][\/et_pb_section][et_pb_section fb_built=&#8220;1&#8243; make_equal=&#8220;on&#8220; use_custom_gutter=&#8220;on&#8220; gutter_width=&#8220;2&#8243; specialty=&#8220;on&#8220; bg_img_2=&#8220;https:\/\/kvarda.webdemo.cz\/wp-content\/uploads\/2024\/11\/butcher-02.jpg&#8220; custom_css_main_2=&#8220;border-radius: 20px;&#8220; admin_label=&#8220;Features&#8220; _builder_version=&#8220;4.27.3&#8243; _module_preset=&#8220;default&#8220; background_color=&#8220;gcid-1ceede91-71be-464b-930c-ee204c722893&#8243; collapsed=&#8220;on&#8220; global_colors_info=&#8220;{%22gcid-1ceede91-71be-464b-930c-ee204c722893%22:%91%22background_color%22%93}&#8220;][et_pb_column type=&#8220;2_3&#8243; specialty_columns=&#8220;2&#8243; _builder_version=&#8220;4.16&#8243; custom_padding=&#8220;|||&#8220; global_colors_info=&#8220;{}&#8220; custom_padding__hover=&#8220;|||&#8220;][et_pb_row_inner custom_padding_last_edited=&#8220;on|desktop&#8220; _builder_version=&#8220;4.25.1&#8243; _module_preset=&#8220;default&#8220; background_color=&#8220;gcid-primary-color&#8220; custom_padding=&#8220;40px|40px|0px|40px|false|true&#8220; custom_padding_tablet=&#8220;30px|30px||30px|false|true&#8220; custom_padding_phone=&#8220;20px|20px||20px|false|true&#8220; border_radii=&#8220;off|20px|20px||&#8220; global_colors_info=&#8220;{%22gcid-primary-color%22:%91%22background_color%22%93}&#8220;][et_pb_column_inner saved_specialty_column_type=&#8220;2_3&#8243; _builder_version=&#8220;4.22.0&#8243; _module_preset=&#8220;default&#8220; global_colors_info=&#8220;{}&#8220;][et_pb_heading title=&#8220;Na\u0161e prodejny&#8220; _builder_version=&#8220;4.27.3&#8243; _module_preset=&#8220;3059f0cd-dd98-46bd-9993-c9073a6813d5&#8243; title_level=&#8220;h2&#8243; global_colors_info=&#8220;{}&#8220;][\/et_pb_heading][et_pb_divider color=&#8220;#000000&#8243; _builder_version=&#8220;4.25.1&#8243; _module_preset=&#8220;default&#8220; global_colors_info=&#8220;{}&#8220;][\/et_pb_divider][\/et_pb_column_inner][\/et_pb_row_inner][et_pb_row_inner column_structure=&#8220;1_2,1_2&#8243; custom_padding_last_edited=&#8220;on|desktop&#8220; _builder_version=&#8220;4.27.3&#8243; _module_preset=&#8220;default&#8220; background_color=&#8220;#f9f9f9&#8243; custom_padding=&#8220;|40px|40px|40px|false|true&#8220; custom_padding_tablet=&#8220;|30px|30px|30px|false|true&#8220; custom_padding_phone=&#8220;|20px|20px|20px|false|true&#8220; border_radii=&#8220;off|||20px|20px&#8220; global_colors_info=&#8220;{%22gcid-primary-color%22:%91%22background_color%22%93}&#8220;][et_pb_column_inner type=&#8220;1_2&#8243; saved_specialty_column_type=&#8220;2_3&#8243; _builder_version=&#8220;4.27.3&#8243; _module_preset=&#8220;default&#8220; background_color=&#8220;#f9f9f9&#8243; global_colors_info=&#8220;{}&#8220;][et_pb_blurb title=&#8220;Prodejna Plze\u0148&#8220; use_icon=&#8220;on&#8220; font_icon=&#8220;&#xf54f;||fa||900&#8243; icon_color=&#8220;#000000&#8243; _builder_version=&#8220;4.27.3&#8243; _module_preset=&#8220;ecd70c30-dfa2-42fd-b8d2-d421f9f9176c&#8220; global_colors_info=&#8220;{}&#8220;]<\/p>\n<p><strong>Plzeneck\u00e1 220\/2, 32600 Plze\u0148, V\u00fdchodn\u00ed P\u0159edm\u011bst\u00ed<\/strong><\/p>\n<p>Telefon:<span>\u00a0<\/span><a href=\"tel:+420377240742\">+420 377 240 742<\/a><br \/>Email:<span>\u00a0<\/span><a href=\"mailto:info@reznictviukvardu.cz\">info@reznictviukvardu.cz<\/a><\/p>\n<p>[\/et_pb_blurb][dsm_business_hours _builder_version=&#8220;4.27.3&#8243; _module_preset=&#8220;default&#8220; max_width=&#8220;84%&#8220; global_colors_info=&#8220;{}&#8220;][dsm_business_hours_child time=&#8220;07:00 &#8211; 18:00&#8243; title=&#8220;Pond\u011bl\u00ed&#8220; _builder_version=&#8220;4.27.3&#8243; _module_preset=&#8220;default&#8220; global_colors_info=&#8220;{}&#8220;][\/dsm_business_hours_child][dsm_business_hours_child time=&#8220;07:00 &#8211; 18:00&#8243; title=&#8220;\u00dater\u00fd&#8220; _builder_version=&#8220;4.27.3&#8243; _module_preset=&#8220;default&#8220; global_colors_info=&#8220;{}&#8220;][\/dsm_business_hours_child][dsm_business_hours_child time=&#8220;07:00 &#8211; 18:00&#8243; title=&#8220;St\u0159eda&#8220; _builder_version=&#8220;4.27.3&#8243; _module_preset=&#8220;default&#8220; global_colors_info=&#8220;{}&#8220;][\/dsm_business_hours_child][dsm_business_hours_child time=&#8220;07:00 &#8211; 18:00&#8243; title=&#8220;\u010ctvrtek&#8220; _builder_version=&#8220;4.27.3&#8243; _module_preset=&#8220;default&#8220; global_colors_info=&#8220;{}&#8220;][\/dsm_business_hours_child][dsm_business_hours_child time=&#8220;07:00 &#8211; 18:00&#8243; title=&#8220;P\u00e1tek&#8220; _builder_version=&#8220;4.27.3&#8243; _module_preset=&#8220;default&#8220; global_colors_info=&#8220;{}&#8220;][\/dsm_business_hours_child][dsm_business_hours_child time=&#8220;07:00 &#8211; 18:00&#8243; title=&#8220;Sobota&#8220; _builder_version=&#8220;4.27.3&#8243; _module_preset=&#8220;default&#8220; global_colors_info=&#8220;{}&#8220;][\/dsm_business_hours_child][dsm_business_hours_child time=&#8220;Zav\u0159eno&#8220; title=&#8220;Ned\u011ble&#8220; _builder_version=&#8220;4.27.3&#8243; _module_preset=&#8220;default&#8220; global_colors_info=&#8220;{}&#8220;][\/dsm_business_hours_child][\/dsm_business_hours][dsm_business_hours _builder_version=&#8220;4.27.3&#8243; _module_preset=&#8220;default&#8220; global_colors_info=&#8220;{}&#8220;][\/dsm_business_hours][\/et_pb_column_inner][et_pb_column_inner type=&#8220;1_2&#8243; saved_specialty_column_type=&#8220;2_3&#8243; _builder_version=&#8220;4.22.0&#8243; _module_preset=&#8220;default&#8220; global_colors_info=&#8220;{}&#8220;][et_pb_blurb title=&#8220;Prodejna Praha&#8220; use_icon=&#8220;on&#8220; font_icon=&#8220;&#xf54f;||fa||900&#8243; icon_color=&#8220;#000000&#8243; _builder_version=&#8220;4.27.3&#8243; _module_preset=&#8220;ecd70c30-dfa2-42fd-b8d2-d421f9f9176c&#8220; locked=&#8220;off&#8220; global_colors_info=&#8220;{}&#8220;]<\/p>\n<p><strong>Adresa:<\/strong><span>\u00a0Starostra\u0161nick\u00e1 999, 100 00 Stra\u0161nice<\/span><\/p>\n<p><span>Telefon:\u00a0<a href=\"tel:+420377240742\">+420 377 240 742<\/a><br \/>Email:\u00a0<a href=\"mailto:info@reznictviukvardu.cz\">info@reznictviukvardu.cz<\/a><\/span><\/p>\n<p>[\/et_pb_blurb][dsm_business_hours _builder_version=&#8220;4.27.3&#8243; _module_preset=&#8220;default&#8220; max_width=&#8220;84%&#8220; global_colors_info=&#8220;{}&#8220;][dsm_business_hours_child time=&#8220;07:00 &#8211; 18:00&#8243; title=&#8220;Pond\u011bl\u00ed&#8220; _builder_version=&#8220;4.27.3&#8243; _module_preset=&#8220;default&#8220; global_colors_info=&#8220;{}&#8220;][\/dsm_business_hours_child][dsm_business_hours_child time=&#8220;07:00 &#8211; 18:00&#8243; title=&#8220;\u00dater\u00fd&#8220; _builder_version=&#8220;4.27.3&#8243; _module_preset=&#8220;default&#8220; global_colors_info=&#8220;{}&#8220;][\/dsm_business_hours_child][dsm_business_hours_child time=&#8220;07:00 &#8211; 18:00&#8243; title=&#8220;St\u0159eda&#8220; _builder_version=&#8220;4.27.3&#8243; _module_preset=&#8220;default&#8220; global_colors_info=&#8220;{}&#8220;][\/dsm_business_hours_child][dsm_business_hours_child time=&#8220;07:00 &#8211; 18:00&#8243; title=&#8220;\u010ctvrtek&#8220; _builder_version=&#8220;4.27.3&#8243; _module_preset=&#8220;default&#8220; global_colors_info=&#8220;{}&#8220;][\/dsm_business_hours_child][dsm_business_hours_child time=&#8220;07:00 &#8211; 18:00&#8243; title=&#8220;P\u00e1tek&#8220; _builder_version=&#8220;4.27.3&#8243; _module_preset=&#8220;default&#8220; global_colors_info=&#8220;{}&#8220;][\/dsm_business_hours_child][dsm_business_hours_child time=&#8220;07:00 &#8211; 12:00&#8243; title=&#8220;Sobota&#8220; _builder_version=&#8220;4.27.3&#8243; _module_preset=&#8220;default&#8220; global_colors_info=&#8220;{}&#8220;][\/dsm_business_hours_child][dsm_business_hours_child time=&#8220;Zav\u0159eno&#8220; title=&#8220;Ned\u011ble&#8220; _builder_version=&#8220;4.27.3&#8243; _module_preset=&#8220;default&#8220; global_colors_info=&#8220;{}&#8220;][\/dsm_business_hours_child][\/dsm_business_hours][\/et_pb_column_inner][\/et_pb_row_inner][\/et_pb_column][et_pb_column type=&#8220;1_3&#8243; _builder_version=&#8220;4.16&#8243; custom_padding=&#8220;|||&#8220; global_colors_info=&#8220;{}&#8220; custom_padding__hover=&#8220;|||&#8220;][et_pb_divider show_divider=&#8220;off&#8220; _builder_version=&#8220;4.22.0&#8243; _module_preset=&#8220;default&#8220; height_tablet=&#8220;40vw&#8220; height_phone=&#8220;40vw&#8220; height_last_edited=&#8220;on|desktop&#8220; global_colors_info=&#8220;{}&#8220;][\/et_pb_divider][\/et_pb_column][\/et_pb_section][et_pb_section fb_built=&#8220;1&#8243; admin_label=&#8220;Testimonials&#8220; _builder_version=&#8220;4.27.3&#8243; _module_preset=&#8220;61c7a65b-02c7-4c27-a3e7-8ac293f4cc5b&#8220; background_image=&#8220;https:\/\/kvarda.webdemo.cz\/wp-content\/uploads\/2024\/11\/butcher-05.jpg&#8220; background_enable_image=&#8220;on&#8220; collapsed=&#8220;on&#8220; global_colors_info=&#8220;{}&#8220;][et_pb_row _builder_version=&#8220;4.25.1&#8243; _module_preset=&#8220;default&#8220; background_color=&#8220;rgba(18,18,18,0.8)&#8220; custom_padding=&#8220;6vw||||false|false&#8220; border_radii=&#8220;on|20px|20px|20px|20px&#8220; global_colors_info=&#8220;{}&#8220;][et_pb_column type=&#8220;4_4&#8243; _builder_version=&#8220;4.22.0&#8243; _module_preset=&#8220;default&#8220; global_colors_info=&#8220;{}&#8220;][et_pb_slider _builder_version=&#8220;4.27.3&#8243; _module_preset=&#8220;3f447fbb-ecfe-47d3-a77c-96591cc3d681&#8243; custom_padding=&#8220;0px||||false|false&#8220; locked=&#8220;off&#8220; global_colors_info=&#8220;{%22gcid-bfa7fe62-254b-41c2-9e7c-1655cf29ea48%22:%91%22button_text_color%22,%22button_text_color%22%93}&#8220;][et_pb_slide heading=&#8220;\u0158eznictv\u00ed u Kvard\u016f&#8220; _builder_version=&#8220;4.27.3&#8243; _module_preset=&#8220;default&#8220; header_font=&#8220;&#8211;et_global_heading_font||||||||&#8220; header_letter_spacing=&#8220;2px&#8220; locked=&#8220;off&#8220; global_colors_info=&#8220;{}&#8220; sticky_transition=&#8220;on&#8220;]<\/p>\n<p>&nbsp;<\/p>\n<p>Na\u0161e \u0158eznictv\u00ed u Kvard\u016f v Plzni na k\u0159i\u017eovatce Slovansk\u00e9 a Plzeneck\u00e9 ulice se pro v\u00e1s otev\u0159elo 19.kv\u011btna 1992. V ned\u00e1vn\u00e9 dob\u011b k samotn\u00e9 prodejn\u011b, kde najdete n\u00e1\u0161 kompletn\u00ed \u0159eznick\u00fd a uzen\u00e1\u0159sk\u00fd sortiment, v\u010detn\u011b na\u0161ich vyhl\u00e1\u0161en\u00fdch v\u00fdrobk\u016f jako jsou nap\u0159\u00edklad \u0161pek\u00e1\u010dky nebo sekan\u00e1, p\u0159ibyl i bufet, kde si ve v\u0161edn\u00edch dnech m\u016f\u017eete d\u00e1t ob\u011bd nebo jen malou sva\u010dinku.<\/p>\n<p>Ji\u017e tradi\u010dn\u011b n\u00e1s tak\u00e9 najdete v Praze na farm\u00e1\u0159sk\u00fdch trz\u00edch a to Na N\u00e1plavce a tak\u00e9 v Hole\u0161ovic\u00edch na zn\u00e1me Hole\u0161ovick\u00e9 tr\u017enici. Budeme r\u00e1di pokud se i vy p\u0159id\u00e1te k na\u0161im spokojen\u00fdm z\u00e1kazn\u00edk\u016fm..<\/p>\n<p>[\/et_pb_slide][et_pb_slide heading=&#8220;Na\u0161e speciality najdete tak\u00e9 v Praze na farm\u00e1\u0159sk\u00fdch trz\u00edch Na n\u00e1plavce. &#8220; _builder_version=&#8220;4.27.3&#8243; _module_preset=&#8220;default&#8220; locked=&#8220;off&#8220; global_colors_info=&#8220;{}&#8220; sticky_transition=&#8220;on&#8220;]<\/p>\n<p>&nbsp;<\/p>\n<p><strong>Adresa:\u00a0<\/strong>Na n\u00e1plavce, Ra\u0161\u00ednovo n\u00e1m\u011bst\u00ed, Praha<\/p>\n<p><strong>Otev\u0159eno:\u00a0<\/strong>Sobota &#8211; 7,00 &#8211; 14,00<\/p>\n<p>[\/et_pb_slide][et_pb_slide heading=&#8220;Na\u0161e speciality najdete tak\u00e9 v Praze na farm\u00e1\u0159sk\u00fdch trz\u00edch v Hole\u0161ovick\u00e9 tr\u017enici.&#8220; _builder_version=&#8220;4.27.3&#8243; _module_preset=&#8220;default&#8220; locked=&#8220;off&#8220; global_colors_info=&#8220;{}&#8220; sticky_transition=&#8220;on&#8220;]<\/p>\n<p><strong><\/strong><\/p>\n<p><strong>Adresa:\u00a0<\/strong>Hole\u0161ovick\u00e1 tr\u017enice,\u00a0Praha \/\u00a0Hala 22, st\u00e1nek \u010d.75<\/p>\n<p><strong>Otev\u0159eno:\u00a0<\/strong>Pond\u011bl\u00ed &#8211; P\u00e1tek &#8211; 7,00 &#8211; 15,00 \/ Sobota &#8211; 7,00 &#8211; 14,00<\/p>\n<p>[\/et_pb_slide][\/et_pb_slider][\/et_pb_column][\/et_pb_row][\/et_pb_section]<\/p>\n","protected":false},"excerpt":{"rendered":"<p>Plzeneck\u00e1 220\/2, 32600 Plze\u0148, V\u00fdchodn\u00ed P\u0159edm\u011bst\u00ed Telefon:\u00a0+420 377 240 742Email:\u00a0info@reznictviukvardu.cz<div class=\"et_pb_module dsm_business_hours dsm_business_hours_0\">\n\t\t\t\t\n\t\t\t\t\n\t\t\t\t\n\t\t\t\t\n\t\t\t\t\n\t\t\t\t\n\t\t\t\t<div class=\"et_pb_module_inner\">\n\t\t\t\t\t\n\t\t\t\t<\/div>\n\t\t\t<\/div><div class=\"et_pb_module dsm_business_hours_child dsm_business_hours_child_0\">\n\t\t\t\t\n\t\t\t\t\n\t\t\t\t\n\t\t\t\t\n\t\t\t\t\n\t\t\t\t\n\t\t\t\t<div class=\"et_pb_module_inner\">\n\t\t\t\t\t\n\t\t\t\n\t\t\t<div class=\"dsm_business_hours_item_wrapper\">\n\t\t\t\t<div class=\"dsm-business-hours-header\">\n\t\t\t\t\t<div class=\"dsm-business-hours-day\">Pond\u011bl\u00ed<\/div>\n\t\t\t\t\t<div class=\"dsm-business-hours-separator\"><\/div>\n\t\t\t\t\t<div class=\"dsm-business-hours-time\">07:00 - 18:00<\/div>\n\t\t\t\t<\/div>\n\t\t\t<\/div>\n\t\t\t\t<\/div>\n\t\t\t<\/div><div class=\"et_pb_module dsm_business_hours_child dsm_business_hours_child_1\">\n\t\t\t\t\n\t\t\t\t\n\t\t\t\t\n\t\t\t\t\n\t\t\t\t\n\t\t\t\t\n\t\t\t\t<div class=\"et_pb_module_inner\">\n\t\t\t\t\t\n\t\t\t\n\t\t\t<div class=\"dsm_business_hours_item_wrapper\">\n\t\t\t\t<div class=\"dsm-business-hours-header\">\n\t\t\t\t\t<div class=\"dsm-business-hours-day\">\u00dater\u00fd<\/div>\n\t\t\t\t\t<div class=\"dsm-business-hours-separator\"><\/div>\n\t\t\t\t\t<div class=\"dsm-business-hours-time\">07:00 - 18:00<\/div>\n\t\t\t\t<\/div>\n\t\t\t<\/div>\n\t\t\t\t<\/div>\n\t\t\t<\/div><div class=\"et_pb_module dsm_business_hours_child dsm_business_hours_child_2\">\n\t\t\t\t\n\t\t\t\t\n\t\t\t\t\n\t\t\t\t\n\t\t\t\t\n\t\t\t\t\n\t\t\t\t<div class=\"et_pb_module_inner\">\n\t\t\t\t\t\n\t\t\t\n\t\t\t<div class=\"dsm_business_hours_item_wrapper\">\n\t\t\t\t<div class=\"dsm-business-hours-header\">\n\t\t\t\t\t<div class=\"dsm-business-hours-day\">St\u0159eda<\/div>\n\t\t\t\t\t<div class=\"dsm-business-hours-separator\"><\/div>\n\t\t\t\t\t<div class=\"dsm-business-hours-time\">07:00 - 18:00<\/div>\n\t\t\t\t<\/div>\n\t\t\t<\/div>\n\t\t\t\t<\/div>\n\t\t\t<\/div><div class=\"et_pb_module dsm_business_hours_child dsm_business_hours_child_3\">\n\t\t\t\t\n\t\t\t\t\n\t\t\t\t\n\t\t\t\t\n\t\t\t\t\n\t\t\t\t\n\t\t\t\t<div class=\"et_pb_module_inner\">\n\t\t\t\t\t\n\t\t\t\n\t\t\t<div class=\"dsm_business_hours_item_wrapper\">\n\t\t\t\t<div class=\"dsm-business-hours-header\">\n\t\t\t\t\t<div class=\"dsm-business-hours-day\">\u010ctvrtek<\/div>\n\t\t\t\t\t<div class=\"dsm-business-hours-separator\"><\/div>\n\t\t\t\t\t<div class=\"dsm-business-hours-time\">07:00 - 18:00<\/div>\n\t\t\t\t<\/div>\n\t\t\t<\/div>\n\t\t\t\t<\/div>\n\t\t\t<\/div><div class=\"et_pb_module dsm_business_hours_child dsm_business_hours_child_4\">\n\t\t\t\t\n\t\t\t\t\n\t\t\t\t\n\t\t\t\t\n\t\t\t\t\n\t\t\t\t\n\t\t\t\t<div class=\"et_pb_module_inner\">\n\t\t\t\t\t\n\t\t\t\n\t\t\t<div class=\"dsm_business_hours_item_wrapper\">\n\t\t\t\t<div class=\"dsm-business-hours-header\">\n\t\t\t\t\t<div class=\"dsm-business-hours-day\">P\u00e1tek<\/div>\n\t\t\t\t\t<div class=\"dsm-business-hours-separator\"><\/div>\n\t\t\t\t\t<div class=\"dsm-business-hours-time\">07:00 - 18:00<\/div>\n\t\t\t\t<\/div>\n\t\t\t<\/div>\n\t\t\t\t<\/div>\n\t\t\t<\/div><div class=\"et_pb_module dsm_business_hours_child dsm_business_hours_child_5\">\n\t\t\t\t\n\t\t\t\t\n\t\t\t\t\n\t\t\t\t\n\t\t\t\t\n\t\t\t\t\n\t\t\t\t<div class=\"et_pb_module_inner\">\n\t\t\t\t\t\n\t\t\t\n\t\t\t<div class=\"dsm_business_hours_item_wrapper\">\n\t\t\t\t<div class=\"dsm-business-hours-header\">\n\t\t\t\t\t<div class=\"dsm-business-hours-day\">&#8220;Sobota&#8220;<\/div>\n\t\t\t\t\t<div class=\"dsm-business-hours-separator\"><\/div>\n\t\t\t\t\t<div class=\"dsm-business-hours-time\">&#8220;07:00<\/div>\n\t\t\t\t<\/div>\n\t\t\t<\/div>\n\t\t\t\t<\/div>\n\t\t\t<\/div><\/p>\n","protected":false},"author":1,"featured_media":0,"parent":0,"menu_order":0,"comment_status":"closed","ping_status":"closed","template":"","meta":{"_et_pb_use_builder":"on","_et_pb_old_content":"","_et_gb_content_width":"","footnotes":""},"class_list":["post-240","page","type-page","status-publish","hentry"],"_links":{"self":[{"href":"https:\/\/kvarda.webdemo.cz\/index.php\/wp-json\/wp\/v2\/pages\/240","targetHints":{"allow":["GET"]}}],"collection":[{"href":"https:\/\/kvarda.webdemo.cz\/index.php\/wp-json\/wp\/v2\/pages"}],"about":[{"href":"https:\/\/kvarda.webdemo.cz\/index.php\/wp-json\/wp\/v2\/types\/page"}],"author":[{"embeddable":true,"href":"https:\/\/kvarda.webdemo.cz\/index.php\/wp-json\/wp\/v2\/users\/1"}],"replies":[{"embeddable":true,"href":"https:\/\/kvarda.webdemo.cz\/index.php\/wp-json\/wp\/v2\/comments?post=240"}],"version-history":[{"count":3,"href":"https:\/\/kvarda.webdemo.cz\/index.php\/wp-json\/wp\/v2\/pages\/240\/revisions"}],"predecessor-version":[{"id":262,"href":"https:\/\/kvarda.webdemo.cz\/index.php\/wp-json\/wp\/v2\/pages\/240\/revisions\/262"}],"wp:attachment":[{"href":"https:\/\/kvarda.webdemo.cz\/index.php\/wp-json\/wp\/v2\/media?parent=240"}],"curies":[{"name":"wp","href":"https:\/\/api.w.org\/{rel}","templated":true}]}}